


























{"id":901,"date":"2016-07-25T20:39:24","date_gmt":"2016-07-25T23:39:24","guid":{"rendered":"http:\/\/plas.com.br\/site\/?page_id=901"},"modified":"2025-12-05T08:20:17","modified_gmt":"2025-12-05T11:20:17","slug":"boinas","status":"publish","type":"page","link":"https:\/\/plas.com.br\/site\/boinas\/","title":{"rendered":"Boinas"},"content":{"rendered":"<p>[vc_row][vc_column]<header class=\"tz-header tz-header-type-1\">\r\n\r\n            <div class=\"tz-headerTop\">\r\n            <div class=\"container\">\r\n                <div class=\"tz-headerTop-box\">\r\n                    <div class=\"tz-headerLeft pull-left\">\r\n                        <div class=\"tzheader_support\">\r\n                                                        \r\n                            \r\n                            \r\n                            \r\n                            \r\n                                                    <\/div>\r\n                    <\/div>\r\n\r\n                    <div class=\"tz-headerRight pull-right\">\r\n                        <ul class=\"tzheader_social\">\r\n                                                                                                                                                                                                                                                                                                                                            <\/ul>\r\n                    <\/div>\r\n                <\/div>\r\n            <\/div><!--end class container-->\r\n        <\/div>\r\n        \r\n    \r\n    <div class=\"tz-headerBottom tz-max-mega-menu\">\r\n                <div class=\"container\">\r\n            \r\n                                                    <a class=\"pull-left tz_logo\" href=\"https:\/\/plas.com.br\/site\"\r\n                       title=\"Plas\" >\r\n                        <img decoding=\"async\" class=\"logo_lager\" src=\"https:\/\/plas.com.br\/site\/wp-content\/uploads\/2016\/07\/LogoPlas-final1.gif\" alt=\"Plas\" \/>                    <\/a>\r\n                                        \r\n                                                                                    <button type=\"button\" class=\"navbar-toggle collapsed\" data-toggle=\"collapse\"\r\n                            data-target=\"#tz-navbar-collapse\">\r\n                        <i class=\"fa fa-bars\"><\/i>\r\n                    <\/button>\r\n\r\n                    <nav class=\"pull-right\">\r\n\r\n                        <div id=\"mega-menu-wrap-primary\" class=\"mega-menu-wrap\"><div class=\"mega-menu-toggle\"><div class=\"mega-toggle-blocks-left\"><\/div><div class=\"mega-toggle-blocks-center\"><\/div><div class=\"mega-toggle-blocks-right\"><div class='mega-toggle-block mega-menu-toggle-animated-block mega-toggle-block-0' id='mega-toggle-block-0'><button aria-label=\"Toggle Menu\" class=\"mega-toggle-animated mega-toggle-animated-slider\" type=\"button\" aria-expanded=\"false\">\n                  <span class=\"mega-toggle-animated-box\">\n                    <span class=\"mega-toggle-animated-inner\"><\/span>\n                  <\/span>\n                <\/button><\/div><\/div><\/div><ul id=\"mega-menu-primary\" class=\"mega-menu max-mega-menu mega-menu-horizontal mega-no-js\" data-event=\"hover_intent\" data-effect=\"fade_up\" data-effect-speed=\"200\" data-effect-mobile=\"disabled\" data-effect-speed-mobile=\"0\" data-panel-width=\".container\" data-mobile-force-width=\"false\" data-second-click=\"go\" data-document-click=\"collapse\" data-vertical-behaviour=\"standard\" data-breakpoint=\"992\" data-unbind=\"true\" data-mobile-state=\"collapse_all\" data-mobile-direction=\"vertical\" data-hover-intent-timeout=\"300\" data-hover-intent-interval=\"100\"><li class=\"mega-menu-item mega-menu-item-type-post_type mega-menu-item-object-page mega-menu-item-home mega-align-bottom-left mega-menu-flyout mega-menu-item-715\" id=\"mega-menu-item-715\"><a class=\"mega-menu-link\" href=\"https:\/\/plas.com.br\/site\/\" tabindex=\"0\">Home<\/a><\/li><li class=\"mega-menu-item mega-menu-item-type-post_type mega-menu-item-object-page mega-align-bottom-left mega-menu-flyout mega-menu-item-804\" id=\"mega-menu-item-804\"><a class=\"mega-menu-link\" href=\"https:\/\/plas.com.br\/site\/about-us\/\" tabindex=\"0\">Hist\u00f3ria<\/a><\/li><li class=\"mega-menu-item mega-menu-item-type-post_type mega-menu-item-object-page mega-menu-item-has-children mega-align-bottom-left mega-menu-flyout mega-menu-item-710\" id=\"mega-menu-item-710\"><a class=\"mega-menu-link\" href=\"https:\/\/plas.com.br\/site\/portfolio-2-2\/\" aria-expanded=\"false\" tabindex=\"0\">Produtos<span class=\"mega-indicator\" aria-hidden=\"true\"><\/span><\/a>\n<ul class=\"mega-sub-menu\">\n<li class=\"mega-menu-item mega-menu-item-type-post_type mega-menu-item-object-page mega-menu-item-945\" id=\"mega-menu-item-945\"><a class=\"mega-menu-link\" href=\"https:\/\/plas.com.br\/site\/boinas\/\">Boinas<\/a><\/li><li class=\"mega-menu-item mega-menu-item-type-post_type mega-menu-item-object-page mega-menu-item-994\" id=\"mega-menu-item-994\"><a class=\"mega-menu-link\" href=\"https:\/\/plas.com.br\/site\/camisas\/\">Camisas<\/a><\/li><li class=\"mega-menu-item mega-menu-item-type-post_type mega-menu-item-object-page mega-menu-item-944\" id=\"mega-menu-item-944\"><a class=\"mega-menu-link\" href=\"https:\/\/plas.com.br\/site\/chapeus\/\">Chap\u00e9us<\/a><\/li><\/ul>\n<\/li><li class=\"mega-menu-item mega-menu-item-type-post_type mega-menu-item-object-page mega-align-bottom-left mega-menu-flyout mega-menu-item-1258\" id=\"mega-menu-item-1258\"><a class=\"mega-menu-link\" href=\"https:\/\/plas.com.br\/site\/services-2\/\" tabindex=\"0\">Alfaiataria<\/a><\/li><li class=\"mega-menu-item mega-menu-item-type-post_type mega-menu-item-object-page mega-current_page_parent mega-align-bottom-left mega-menu-flyout mega-menu-item-716\" id=\"mega-menu-item-716\"><a class=\"mega-menu-link\" href=\"https:\/\/plas.com.br\/site\/blog-2\/\" tabindex=\"0\">News<\/a><\/li><li class=\"mega-menu-item mega-menu-item-type-custom mega-menu-item-object-custom mega-align-bottom-left mega-menu-flyout mega-menu-item-805\" id=\"mega-menu-item-805\"><a class=\"mega-menu-link\" href=\"http:\/\/plas.lojavirtualnuvem.com.br\/\" tabindex=\"0\">Loja Virtual<\/a><\/li><li class=\"mega-menu-item mega-menu-item-type-post_type mega-menu-item-object-page mega-align-bottom-left mega-menu-flyout mega-menu-item-701\" id=\"mega-menu-item-701\"><a class=\"mega-menu-link\" href=\"https:\/\/plas.com.br\/site\/contact\/\" tabindex=\"0\">Contato<\/a><\/li><\/ul><\/div>                    <\/nav>\r\n                    \r\n                                        <\/div><!--end class container-->\r\n        <\/div>\r\n\r\n    \r\n\r\n<\/header>\r\n    <div class=\"tz-header tz-header-type-1 scroll\">\r\n        <div class=\"tz-headerBottom tz-max-mega-menu\">\r\n                        <div class=\"container\">\r\n                \r\n                                                                <a class=\"pull-left tz_logo\" href=\"https:\/\/plas.com.br\/site\"\r\n                           title=\"Plas\" >\r\n                            <img decoding=\"async\" class=\"logo_lager\" src=\"https:\/\/plas.com.br\/site\/wp-content\/uploads\/2016\/07\/LogoPlas-final1.gif\" alt=\"Plas\" \/>                        <\/a>\r\n                                                                                                <button type=\"button\" class=\"navbar-toggle collapsed\" data-toggle=\"collapse\"\r\n                                data-target=\"#tz-navbar-collapse\">\r\n                            <i class=\"fa fa-bars\"><\/i>\r\n                        <\/button>\r\n\r\n                        <nav class=\"pull-right\">\r\n                            <div id=\"mega-menu-wrap-primary\" class=\"mega-menu-wrap\"><div class=\"mega-menu-toggle\"><div class=\"mega-toggle-blocks-left\"><\/div><div class=\"mega-toggle-blocks-center\"><\/div><div class=\"mega-toggle-blocks-right\"><div class='mega-toggle-block mega-menu-toggle-animated-block mega-toggle-block-0' id='mega-toggle-block-0'><button aria-label=\"Toggle Menu\" class=\"mega-toggle-animated mega-toggle-animated-slider\" type=\"button\" aria-expanded=\"false\">\n                  <span class=\"mega-toggle-animated-box\">\n                    <span class=\"mega-toggle-animated-inner\"><\/span>\n                  <\/span>\n                <\/button><\/div><\/div><\/div><ul id=\"mega-menu-primary\" class=\"mega-menu max-mega-menu mega-menu-horizontal mega-no-js\" data-event=\"hover_intent\" data-effect=\"fade_up\" data-effect-speed=\"200\" data-effect-mobile=\"disabled\" data-effect-speed-mobile=\"0\" data-panel-width=\".container\" data-mobile-force-width=\"false\" data-second-click=\"go\" data-document-click=\"collapse\" data-vertical-behaviour=\"standard\" data-breakpoint=\"992\" data-unbind=\"true\" data-mobile-state=\"collapse_all\" data-mobile-direction=\"vertical\" data-hover-intent-timeout=\"300\" data-hover-intent-interval=\"100\"><li class=\"mega-menu-item mega-menu-item-type-post_type mega-menu-item-object-page mega-menu-item-home mega-align-bottom-left mega-menu-flyout mega-menu-item-715\" id=\"mega-menu-item-715\"><a class=\"mega-menu-link\" href=\"https:\/\/plas.com.br\/site\/\" tabindex=\"0\">Home<\/a><\/li><li class=\"mega-menu-item mega-menu-item-type-post_type mega-menu-item-object-page mega-align-bottom-left mega-menu-flyout mega-menu-item-804\" id=\"mega-menu-item-804\"><a class=\"mega-menu-link\" href=\"https:\/\/plas.com.br\/site\/about-us\/\" tabindex=\"0\">Hist\u00f3ria<\/a><\/li><li class=\"mega-menu-item mega-menu-item-type-post_type mega-menu-item-object-page mega-menu-item-has-children mega-align-bottom-left mega-menu-flyout mega-menu-item-710\" id=\"mega-menu-item-710\"><a class=\"mega-menu-link\" href=\"https:\/\/plas.com.br\/site\/portfolio-2-2\/\" aria-expanded=\"false\" tabindex=\"0\">Produtos<span class=\"mega-indicator\" aria-hidden=\"true\"><\/span><\/a>\n<ul class=\"mega-sub-menu\">\n<li class=\"mega-menu-item mega-menu-item-type-post_type mega-menu-item-object-page mega-menu-item-945\" id=\"mega-menu-item-945\"><a class=\"mega-menu-link\" href=\"https:\/\/plas.com.br\/site\/boinas\/\">Boinas<\/a><\/li><li class=\"mega-menu-item mega-menu-item-type-post_type mega-menu-item-object-page mega-menu-item-994\" id=\"mega-menu-item-994\"><a class=\"mega-menu-link\" href=\"https:\/\/plas.com.br\/site\/camisas\/\">Camisas<\/a><\/li><li class=\"mega-menu-item mega-menu-item-type-post_type mega-menu-item-object-page mega-menu-item-944\" id=\"mega-menu-item-944\"><a class=\"mega-menu-link\" href=\"https:\/\/plas.com.br\/site\/chapeus\/\">Chap\u00e9us<\/a><\/li><\/ul>\n<\/li><li class=\"mega-menu-item mega-menu-item-type-post_type mega-menu-item-object-page mega-align-bottom-left mega-menu-flyout mega-menu-item-1258\" id=\"mega-menu-item-1258\"><a class=\"mega-menu-link\" href=\"https:\/\/plas.com.br\/site\/services-2\/\" tabindex=\"0\">Alfaiataria<\/a><\/li><li class=\"mega-menu-item mega-menu-item-type-post_type mega-menu-item-object-page mega-current_page_parent mega-align-bottom-left mega-menu-flyout mega-menu-item-716\" id=\"mega-menu-item-716\"><a class=\"mega-menu-link\" href=\"https:\/\/plas.com.br\/site\/blog-2\/\" tabindex=\"0\">News<\/a><\/li><li class=\"mega-menu-item mega-menu-item-type-custom mega-menu-item-object-custom mega-align-bottom-left mega-menu-flyout mega-menu-item-805\" id=\"mega-menu-item-805\"><a class=\"mega-menu-link\" href=\"http:\/\/plas.lojavirtualnuvem.com.br\/\" tabindex=\"0\">Loja Virtual<\/a><\/li><li class=\"mega-menu-item mega-menu-item-type-post_type mega-menu-item-object-page mega-align-bottom-left mega-menu-flyout mega-menu-item-701\" id=\"mega-menu-item-701\"><a class=\"mega-menu-link\" href=\"https:\/\/plas.com.br\/site\/contact\/\" tabindex=\"0\">Contato<\/a><\/li><\/ul><\/div>                        <\/nav>\r\n                        \r\n                                                    <\/div><!--end class container-->\r\n                <\/div>\r\n    <\/div>\r\n    [\/vc_column][\/vc_row][vc_row fullwidth=&#8221;1&#8243; css=&#8221;.vc_custom_1469491062738{background-color: #000000 !important;}&#8221;][vc_column][vc_column_text]<\/p>\n<h2><span style=\"color: #ffffff;\"><em><br \/>\nBOINAS<\/em><\/span><\/h2>\n<p>[\/vc_column_text][\/vc_column][\/vc_row][vc_row tz_row_type=&#8221;grid&#8221; css=&#8221;.vc_custom_1594047869211{margin-top: 5% !important;margin-bottom: 5% !important;}&#8221;][vc_column][vc_column_text]<em>Made since de \u00b470s, the artisanal Plas caps are made with extreme attention to detail, in natural fibers such as cotton and wool, in classic patterns like \u00a8pied de \u00a0poule \u00a8 and prince of wales<\/em>.<\/p>\n<p>Confeccionadas desde os anos 70, as boinas artesanais da Plas primam pela qualidade e aten\u00e7\u00e3o ao detalhe ( xadrezes que encaixam ), e s\u00e3o confeccionadas em fibras naturais, como algod\u00e3o e l\u00e3, nos padr\u00f5es cl\u00e1ssicos como o pied de poule e o pr\u00edncipe de gales. As abas s\u00e3o em plastico indeform\u00e1vel e o forro em 100% acetato ( que permite melhor respira\u00e7\u00e3o da pele ) de proced\u00eancia argentina, alem\u00e3 ou italiana.[\/vc_column_text][vc_gallery interval=&#8221;0&#8243; images=&#8221;1523&#8243; img_size=&#8221;full&#8221;][\/vc_column][\/vc_row]<\/p>\n","protected":false},"excerpt":{"rendered":"<p>[vc_row][vc_column][\/vc_column][\/vc_row][vc_row fullwidth=&#8221;1&#8243; css=&#8221;.vc_custom_1469491062738{background-color: #000000 !important;}&#8221;][vc_column][vc_column_text] BOINAS [\/vc_column_text][\/vc_column][\/vc_row][vc_row tz_row_type=&#8221;grid&#8221; css=&#8221;.vc_custom_1594047869211{margin-top: 5% !important;margin-bottom: 5% !important;}&#8221;][vc_column][vc_column_text]Made since de \u00b470s, the artisanal Plas caps are made with extreme attention to detail, in natural fibers such as cotton and wool, in classic patterns like \u00a8pied de \u00a0poule \u00a8 and prince of wales. Confeccionadas desde os anos 70, as boinas artesanais [&hellip;]<\/p>\n","protected":false},"author":1,"featured_media":0,"parent":0,"menu_order":0,"comment_status":"open","ping_status":"open","template":"template-homepage.php","meta":{"footnotes":""},"class_list":["post-901","page","type-page","status-publish","hentry"],"yoast_head":"<!-- This site is optimized with the Yoast SEO plugin v24.5 - https:\/\/yoast.com\/wordpress\/plugins\/seo\/ -->\n<title>Boinas e Chap\u00e9us - Plas<\/title>\n<meta name=\"description\" content=\"Boinas artesanais em algod\u00e3o e l\u00e3\" \/>\n<meta name=\"robots\" content=\"index, follow, max-snippet:-1, max-image-preview:large, max-video-preview:-1\" \/>\n<link rel=\"canonical\" href=\"https:\/\/plas.com.br\/site\/boinas\/\" \/>\n<meta property=\"og:locale\" content=\"pt_BR\" \/>\n<meta property=\"og:type\" content=\"article\" \/>\n<meta property=\"og:title\" content=\"Boinas e Chap\u00e9us - Plas\" \/>\n<meta property=\"og:description\" content=\"Boinas artesanais em algod\u00e3o e l\u00e3\" \/>\n<meta property=\"og:url\" content=\"https:\/\/plas.com.br\/site\/boinas\/\" \/>\n<meta property=\"og:site_name\" content=\"Plas\" \/>\n<meta property=\"article:modified_time\" content=\"2025-12-05T11:20:17+00:00\" \/>\n<meta name=\"twitter:card\" content=\"summary_large_image\" \/>\n<meta name=\"twitter:label1\" content=\"Est. tempo de leitura\" \/>\n\t<meta name=\"twitter:data1\" content=\"1 minuto\" \/>\n<script type=\"application\/ld+json\" class=\"yoast-schema-graph\">{\"@context\":\"https:\/\/schema.org\",\"@graph\":[{\"@type\":\"WebPage\",\"@id\":\"https:\/\/plas.com.br\/site\/boinas\/\",\"url\":\"https:\/\/plas.com.br\/site\/boinas\/\",\"name\":\"Boinas e Chap\u00e9us - Plas\",\"isPartOf\":{\"@id\":\"https:\/\/plas.com.br\/site\/#website\"},\"datePublished\":\"2016-07-25T23:39:24+00:00\",\"dateModified\":\"2025-12-05T11:20:17+00:00\",\"description\":\"Boinas artesanais em algod\u00e3o e l\u00e3\",\"breadcrumb\":{\"@id\":\"https:\/\/plas.com.br\/site\/boinas\/#breadcrumb\"},\"inLanguage\":\"pt-BR\",\"potentialAction\":[{\"@type\":\"ReadAction\",\"target\":[\"https:\/\/plas.com.br\/site\/boinas\/\"]}]},{\"@type\":\"BreadcrumbList\",\"@id\":\"https:\/\/plas.com.br\/site\/boinas\/#breadcrumb\",\"itemListElement\":[{\"@type\":\"ListItem\",\"position\":1,\"name\":\"In\u00edcio\",\"item\":\"https:\/\/plas.com.br\/site\/\"},{\"@type\":\"ListItem\",\"position\":2,\"name\":\"Boinas\"}]},{\"@type\":\"WebSite\",\"@id\":\"https:\/\/plas.com.br\/site\/#website\",\"url\":\"https:\/\/plas.com.br\/site\/\",\"name\":\"Plas\",\"description\":\"\",\"potentialAction\":[{\"@type\":\"SearchAction\",\"target\":{\"@type\":\"EntryPoint\",\"urlTemplate\":\"https:\/\/plas.com.br\/site\/?s={search_term_string}\"},\"query-input\":{\"@type\":\"PropertyValueSpecification\",\"valueRequired\":true,\"valueName\":\"search_term_string\"}}],\"inLanguage\":\"pt-BR\"}]}<\/script>\n<!-- \/ Yoast SEO plugin. -->","yoast_head_json":{"title":"Boinas e Chap\u00e9us - Plas","description":"Boinas artesanais em algod\u00e3o e l\u00e3","robots":{"index":"index","follow":"follow","max-snippet":"max-snippet:-1","max-image-preview":"max-image-preview:large","max-video-preview":"max-video-preview:-1"},"canonical":"https:\/\/plas.com.br\/site\/boinas\/","og_locale":"pt_BR","og_type":"article","og_title":"Boinas e Chap\u00e9us - Plas","og_description":"Boinas artesanais em algod\u00e3o e l\u00e3","og_url":"https:\/\/plas.com.br\/site\/boinas\/","og_site_name":"Plas","article_modified_time":"2025-12-05T11:20:17+00:00","twitter_card":"summary_large_image","twitter_misc":{"Est. tempo de leitura":"1 minuto"},"schema":{"@context":"https:\/\/schema.org","@graph":[{"@type":"WebPage","@id":"https:\/\/plas.com.br\/site\/boinas\/","url":"https:\/\/plas.com.br\/site\/boinas\/","name":"Boinas e Chap\u00e9us - Plas","isPartOf":{"@id":"https:\/\/plas.com.br\/site\/#website"},"datePublished":"2016-07-25T23:39:24+00:00","dateModified":"2025-12-05T11:20:17+00:00","description":"Boinas artesanais em algod\u00e3o e l\u00e3","breadcrumb":{"@id":"https:\/\/plas.com.br\/site\/boinas\/#breadcrumb"},"inLanguage":"pt-BR","potentialAction":[{"@type":"ReadAction","target":["https:\/\/plas.com.br\/site\/boinas\/"]}]},{"@type":"BreadcrumbList","@id":"https:\/\/plas.com.br\/site\/boinas\/#breadcrumb","itemListElement":[{"@type":"ListItem","position":1,"name":"In\u00edcio","item":"https:\/\/plas.com.br\/site\/"},{"@type":"ListItem","position":2,"name":"Boinas"}]},{"@type":"WebSite","@id":"https:\/\/plas.com.br\/site\/#website","url":"https:\/\/plas.com.br\/site\/","name":"Plas","description":"","potentialAction":[{"@type":"SearchAction","target":{"@type":"EntryPoint","urlTemplate":"https:\/\/plas.com.br\/site\/?s={search_term_string}"},"query-input":{"@type":"PropertyValueSpecification","valueRequired":true,"valueName":"search_term_string"}}],"inLanguage":"pt-BR"}]}},"_links":{"self":[{"href":"https:\/\/plas.com.br\/site\/wp-json\/wp\/v2\/pages\/901","targetHints":{"allow":["GET"]}}],"collection":[{"href":"https:\/\/plas.com.br\/site\/wp-json\/wp\/v2\/pages"}],"about":[{"href":"https:\/\/plas.com.br\/site\/wp-json\/wp\/v2\/types\/page"}],"author":[{"embeddable":true,"href":"https:\/\/plas.com.br\/site\/wp-json\/wp\/v2\/users\/1"}],"replies":[{"embeddable":true,"href":"https:\/\/plas.com.br\/site\/wp-json\/wp\/v2\/comments?post=901"}],"version-history":[{"count":44,"href":"https:\/\/plas.com.br\/site\/wp-json\/wp\/v2\/pages\/901\/revisions"}],"predecessor-version":[{"id":3527,"href":"https:\/\/plas.com.br\/site\/wp-json\/wp\/v2\/pages\/901\/revisions\/3527"}],"wp:attachment":[{"href":"https:\/\/plas.com.br\/site\/wp-json\/wp\/v2\/media?parent=901"}],"curies":[{"name":"wp","href":"https:\/\/api.w.org\/{rel}","templated":true}]}}